{"id":22978,"date":"2026-01-31T12:45:11","date_gmt":"2026-01-31T11:45:11","guid":{"rendered":"https:\/\/coffy-huys.nl\/?post_type=product&#038;p=22978"},"modified":"2026-01-31T12:46:00","modified_gmt":"2026-01-31T11:46:00","slug":"workshop-zur-schokoladenherstellung-1-nov-1400-uhr-kopie-kopie-kopie-kopie-kopie-kopie","status":"publish","type":"product","link":"https:\/\/coffy-huys.nl\/de\/onze-producten\/werkstatt\/workshop-zur-schokoladenherstellung-1-nov-1400-uhr-kopie-kopie-kopie-kopie-kopie-kopie\/","title":{"rendered":"Workshop zur Schokoladenherstellung 1. Nov. \/ 14:00 Uhr (kopie) (kopie) (kopie) (kopie) (kopie) (kopie)"},"content":{"rendered":"","protected":false},"excerpt":{"rendered":"<p><em><strong>Wir haben tolle Neuigkeiten! Wir bieten Workshops an unserem neuen Standort an.   <\/strong><\/em><\/p>\n<p>ChocoMare: Westerstraat 40-B<\/p>\n<p>M\u00f6chten Sie die leckersten Pralinen in Enkhuizen herstellen? Wir zeigen Ihnen, wie es geht. <\/p>\n<p>W\u00e4hrend des <em><strong>3-st\u00fcndigen<\/strong><\/em> gef\u00fchrten Workshops bringen wir Ihnen alle grundlegenden Techniken der Schokoladenherstellung bei.<\/p>\n<p>Wir starten mit einer Begr\u00fc\u00dfung, Einf\u00fchrung und einem Schokoladen-Tutorial und legen dann los. Wir f\u00e4rben die Pralinen sch\u00f6n ein, formen sie (Schalen), stellen Ganache her, f\u00fcllen sie und verschlie\u00dfen sie. Kaffee, Tee und Wasser stehen w\u00e4hrend des gesamten Workshops bereit, und nat\u00fcrlich gibt es auch jede Menge Verkostungen.  <\/p>\n<p>Am Ende des Workshops nimmst du eine k\u00f6stliche Schachtel voller Pralinen im Wert von 27,95 \u20ac mit nach Hause<\/p>\n<p>Bevorzugen Sie einen anderen Termin oder einen privaten Workshop? Lassen Sie es uns unter info@coffy-huys.nl wissen. Private Workshops sind f\u00fcr Gruppen ab 6 Personen verf\u00fcgbar. <\/p>\n<p>Bis 3 Tage vorher ist eine Stornierung kostenfrei m\u00f6glich. Danach m\u00fcssen wir 50% der Workshopkosten in Rechnung stellen.<\/p>\n<p>Die Mindestgruppengr\u00f6\u00dfe betr\u00e4gt 4 Personen. Bei weniger Anmeldungen m\u00fcssen wir den Workshop absagen (wir benachrichtigen Sie 3 Tage vorher).<\/p>\n","protected":false},"featured_media":20414,"comment_status":"open","ping_status":"closed","template":"","meta":{"_acf_changed":false},"product_brand":[],"product_cat":[2546,2545],"product_tag":[],"class_list":{"0":"post-22978","1":"product","2":"type-product","3":"status-publish","4":"has-post-thumbnail","6":"product_cat-pralinen-aus-unserem-eigenen-atelier","7":"product_cat-werkstatt","9":"first","10":"instock","11":"taxable","12":"shipping-taxable","13":"purchasable","14":"product-type-simple"},"acf":[],"yoast_head":"<!-- This site is optimized with the Yoast SEO plugin v27.1.1 - https:\/\/yoast.com\/product\/yoast-seo-wordpress\/ -->\n<title>Workshop zur Schokoladenherstellung 1. Nov. \/ 14:00 Uhr (kopie) (kopie) (kopie) (kopie) (kopie) (kopie) &#8226; Het Coffy-Huys<\/title>\n<meta name=\"robots\" content=\"index, follow, max-snippet:-1, max-image-preview:large, max-video-preview:-1\" \/>\n<link rel=\"canonical\" href=\"https:\/\/coffy-huys.nl\/de\/onze-producten\/werkstatt\/workshop-zur-schokoladenherstellung-1-nov-1400-uhr-kopie-kopie-kopie-kopie-kopie-kopie\/\" \/>\n<meta property=\"og:locale\" content=\"de_DE\" \/>\n<meta property=\"og:type\" content=\"article\" \/>\n<meta property=\"og:title\" content=\"Workshop zur Schokoladenherstellung 1. Nov. \/ 14:00 Uhr (kopie) (kopie) (kopie) (kopie) (kopie) (kopie) &#8226; Het Coffy-Huys\" \/>\n<meta property=\"og:description\" content=\"Wir haben tolle Neuigkeiten! Wir bieten Workshops an unserem neuen Standort an.   ChocoMare: Westerstraat 40-B M\u00f6chten Sie die leckersten Pralinen in Enkhuizen herstellen? Wir zeigen Ihnen, wie es geht.  W\u00e4hrend des 3-st\u00fcndigen gef\u00fchrten Workshops bringen wir Ihnen alle grundlegenden Techniken der Schokoladenherstellung bei. Wir starten mit einer Begr\u00fc\u00dfung, Einf\u00fchrung und einem Schokoladen-Tutorial und legen dann los. Wir f\u00e4rben die Pralinen sch\u00f6n ein, formen sie (Schalen), stellen Ganache her, f\u00fcllen sie und verschlie\u00dfen sie. Kaffee, Tee und Wasser stehen w\u00e4hrend des gesamten Workshops bereit, und nat\u00fcrlich gibt es auch jede Menge Verkostungen.  Am Ende des Workshops nimmst du eine k\u00f6stliche Schachtel voller Pralinen im Wert von 27,95 \u20ac mit nach Hause Bevorzugen Sie einen anderen Termin oder einen privaten Workshop? Lassen Sie es uns unter info@coffy-huys.nl wissen. Private Workshops sind f\u00fcr Gruppen ab 6 Personen verf\u00fcgbar.  Bis 3 Tage vorher ist eine Stornierung kostenfrei m\u00f6glich. Danach m\u00fcssen wir 50% der Workshopkosten in Rechnung stellen. Die Mindestgruppengr\u00f6\u00dfe betr\u00e4gt 4 Personen. Bei weniger Anmeldungen m\u00fcssen wir den Workshop absagen (wir benachrichtigen Sie 3 Tage vorher).\" \/>\n<meta property=\"og:url\" content=\"https:\/\/coffy-huys.nl\/de\/onze-producten\/werkstatt\/workshop-zur-schokoladenherstellung-1-nov-1400-uhr-kopie-kopie-kopie-kopie-kopie-kopie\/\" \/>\n<meta property=\"og:site_name\" content=\"Het Coffy-Huys\" \/>\n<meta property=\"article:publisher\" content=\"https:\/\/www.facebook.com\/Hetcoffyhuys\" \/>\n<meta property=\"article:modified_time\" content=\"2026-01-31T11:46:00+00:00\" \/>\n<meta property=\"og:image\" content=\"https:\/\/coffy-huys.nl\/wp-content\/uploads\/2025\/05\/bonbons-gemengd-huis-gemaakt-enkhuizen-1.png\" \/>\n\t<meta property=\"og:image:width\" content=\"800\" \/>\n\t<meta property=\"og:image:height\" content=\"800\" \/>\n\t<meta property=\"og:image:type\" content=\"image\/png\" \/>\n<meta name=\"twitter:card\" content=\"summary_large_image\" \/>\n<script type=\"application\/ld+json\" class=\"yoast-schema-graph\">{\"@context\":\"https:\/\/schema.org\",\"@graph\":[{\"@type\":\"WebPage\",\"@id\":\"https:\/\/coffy-huys.nl\/de\/onze-producten\/werkstatt\/workshop-zur-schokoladenherstellung-1-nov-1400-uhr-kopie-kopie-kopie-kopie-kopie-kopie\/\",\"url\":\"https:\/\/coffy-huys.nl\/de\/onze-producten\/werkstatt\/workshop-zur-schokoladenherstellung-1-nov-1400-uhr-kopie-kopie-kopie-kopie-kopie-kopie\/\",\"name\":\"Workshop zur Schokoladenherstellung 1. Nov. \/ 14:00 Uhr (kopie) (kopie) (kopie) (kopie) (kopie) (kopie) &#8226; Het Coffy-Huys\",\"isPartOf\":{\"@id\":\"https:\/\/coffy-huys.nl\/de\/#website\"},\"primaryImageOfPage\":{\"@id\":\"https:\/\/coffy-huys.nl\/de\/onze-producten\/werkstatt\/workshop-zur-schokoladenherstellung-1-nov-1400-uhr-kopie-kopie-kopie-kopie-kopie-kopie\/#primaryimage\"},\"image\":{\"@id\":\"https:\/\/coffy-huys.nl\/de\/onze-producten\/werkstatt\/workshop-zur-schokoladenherstellung-1-nov-1400-uhr-kopie-kopie-kopie-kopie-kopie-kopie\/#primaryimage\"},\"thumbnailUrl\":\"https:\/\/coffy-huys.nl\/wp-content\/uploads\/2025\/05\/bonbons-gemengd-huis-gemaakt-enkhuizen-1.png\",\"datePublished\":\"2026-01-31T11:45:11+00:00\",\"dateModified\":\"2026-01-31T11:46:00+00:00\",\"breadcrumb\":{\"@id\":\"https:\/\/coffy-huys.nl\/de\/onze-producten\/werkstatt\/workshop-zur-schokoladenherstellung-1-nov-1400-uhr-kopie-kopie-kopie-kopie-kopie-kopie\/#breadcrumb\"},\"inLanguage\":\"de\",\"potentialAction\":[{\"@type\":\"ReadAction\",\"target\":[\"https:\/\/coffy-huys.nl\/de\/onze-producten\/werkstatt\/workshop-zur-schokoladenherstellung-1-nov-1400-uhr-kopie-kopie-kopie-kopie-kopie-kopie\/\"]}]},{\"@type\":\"ImageObject\",\"inLanguage\":\"de\",\"@id\":\"https:\/\/coffy-huys.nl\/de\/onze-producten\/werkstatt\/workshop-zur-schokoladenherstellung-1-nov-1400-uhr-kopie-kopie-kopie-kopie-kopie-kopie\/#primaryimage\",\"url\":\"https:\/\/coffy-huys.nl\/wp-content\/uploads\/2025\/05\/bonbons-gemengd-huis-gemaakt-enkhuizen-1.png\",\"contentUrl\":\"https:\/\/coffy-huys.nl\/wp-content\/uploads\/2025\/05\/bonbons-gemengd-huis-gemaakt-enkhuizen-1.png\",\"width\":800,\"height\":800,\"caption\":\"Hausgemachte Pralinenschachtel gemischt\"},{\"@type\":\"BreadcrumbList\",\"@id\":\"https:\/\/coffy-huys.nl\/de\/onze-producten\/werkstatt\/workshop-zur-schokoladenherstellung-1-nov-1400-uhr-kopie-kopie-kopie-kopie-kopie-kopie\/#breadcrumb\",\"itemListElement\":[{\"@type\":\"ListItem\",\"position\":1,\"name\":\"Home\",\"item\":\"https:\/\/coffy-huys.nl\/de\/\"},{\"@type\":\"ListItem\",\"position\":2,\"name\":\"Shop\",\"item\":\"https:\/\/coffy-huys.nl\/de\/shop\/\"},{\"@type\":\"ListItem\",\"position\":3,\"name\":\"Workshop zur Schokoladenherstellung 1. Nov. \/ 14:00 Uhr (kopie) (kopie) (kopie) (kopie) (kopie) (kopie)\"}]},{\"@type\":\"WebSite\",\"@id\":\"https:\/\/coffy-huys.nl\/de\/#website\",\"url\":\"https:\/\/coffy-huys.nl\/de\/\",\"name\":\"Het Coffy-Huys\",\"description\":\"De winkel met de lekkerste versgebrande koffie en ambachtelijke chocolade.\",\"publisher\":{\"@id\":\"https:\/\/coffy-huys.nl\/de\/#organization\"},\"potentialAction\":[{\"@type\":\"SearchAction\",\"target\":{\"@type\":\"EntryPoint\",\"urlTemplate\":\"https:\/\/coffy-huys.nl\/de\/?s={search_term_string}\"},\"query-input\":{\"@type\":\"PropertyValueSpecification\",\"valueRequired\":true,\"valueName\":\"search_term_string\"}}],\"inLanguage\":\"de\"},{\"@type\":\"Organization\",\"@id\":\"https:\/\/coffy-huys.nl\/de\/#organization\",\"name\":\"Het Coffy-Huys\",\"url\":\"https:\/\/coffy-huys.nl\/de\/\",\"logo\":{\"@type\":\"ImageObject\",\"inLanguage\":\"de\",\"@id\":\"https:\/\/coffy-huys.nl\/de\/#\/schema\/logo\/image\/\",\"url\":\"https:\/\/coffy-huys.nl\/wp-content\/uploads\/2025\/02\/het_coffy_huys_logo.svg\",\"contentUrl\":\"https:\/\/coffy-huys.nl\/wp-content\/uploads\/2025\/02\/het_coffy_huys_logo.svg\",\"width\":1000,\"height\":719,\"caption\":\"Het Coffy-Huys\"},\"image\":{\"@id\":\"https:\/\/coffy-huys.nl\/de\/#\/schema\/logo\/image\/\"},\"sameAs\":[\"https:\/\/www.facebook.com\/Hetcoffyhuys\",\"https:\/\/www.instagram.com\/coffyhuys\/\"]}]}<\/script>\n<!-- \/ Yoast SEO plugin. -->","yoast_head_json":{"title":"Workshop zur Schokoladenherstellung 1. Nov. \/ 14:00 Uhr (kopie) (kopie) (kopie) (kopie) (kopie) (kopie) &#8226; Het Coffy-Huys","robots":{"index":"index","follow":"follow","max-snippet":"max-snippet:-1","max-image-preview":"max-image-preview:large","max-video-preview":"max-video-preview:-1"},"canonical":"https:\/\/coffy-huys.nl\/de\/onze-producten\/werkstatt\/workshop-zur-schokoladenherstellung-1-nov-1400-uhr-kopie-kopie-kopie-kopie-kopie-kopie\/","og_locale":"de_DE","og_type":"article","og_title":"Workshop zur Schokoladenherstellung 1. Nov. \/ 14:00 Uhr (kopie) (kopie) (kopie) (kopie) (kopie) (kopie) &#8226; Het Coffy-Huys","og_description":"Wir haben tolle Neuigkeiten! Wir bieten Workshops an unserem neuen Standort an.   ChocoMare: Westerstraat 40-B M\u00f6chten Sie die leckersten Pralinen in Enkhuizen herstellen? Wir zeigen Ihnen, wie es geht.  W\u00e4hrend des 3-st\u00fcndigen gef\u00fchrten Workshops bringen wir Ihnen alle grundlegenden Techniken der Schokoladenherstellung bei. Wir starten mit einer Begr\u00fc\u00dfung, Einf\u00fchrung und einem Schokoladen-Tutorial und legen dann los. Wir f\u00e4rben die Pralinen sch\u00f6n ein, formen sie (Schalen), stellen Ganache her, f\u00fcllen sie und verschlie\u00dfen sie. Kaffee, Tee und Wasser stehen w\u00e4hrend des gesamten Workshops bereit, und nat\u00fcrlich gibt es auch jede Menge Verkostungen.  Am Ende des Workshops nimmst du eine k\u00f6stliche Schachtel voller Pralinen im Wert von 27,95 \u20ac mit nach Hause Bevorzugen Sie einen anderen Termin oder einen privaten Workshop? Lassen Sie es uns unter info@coffy-huys.nl wissen. Private Workshops sind f\u00fcr Gruppen ab 6 Personen verf\u00fcgbar.  Bis 3 Tage vorher ist eine Stornierung kostenfrei m\u00f6glich. Danach m\u00fcssen wir 50% der Workshopkosten in Rechnung stellen. Die Mindestgruppengr\u00f6\u00dfe betr\u00e4gt 4 Personen. Bei weniger Anmeldungen m\u00fcssen wir den Workshop absagen (wir benachrichtigen Sie 3 Tage vorher).","og_url":"https:\/\/coffy-huys.nl\/de\/onze-producten\/werkstatt\/workshop-zur-schokoladenherstellung-1-nov-1400-uhr-kopie-kopie-kopie-kopie-kopie-kopie\/","og_site_name":"Het Coffy-Huys","article_publisher":"https:\/\/www.facebook.com\/Hetcoffyhuys","article_modified_time":"2026-01-31T11:46:00+00:00","og_image":[{"width":800,"height":800,"url":"https:\/\/coffy-huys.nl\/wp-content\/uploads\/2025\/05\/bonbons-gemengd-huis-gemaakt-enkhuizen-1.png","type":"image\/png"}],"twitter_card":"summary_large_image","schema":{"@context":"https:\/\/schema.org","@graph":[{"@type":"WebPage","@id":"https:\/\/coffy-huys.nl\/de\/onze-producten\/werkstatt\/workshop-zur-schokoladenherstellung-1-nov-1400-uhr-kopie-kopie-kopie-kopie-kopie-kopie\/","url":"https:\/\/coffy-huys.nl\/de\/onze-producten\/werkstatt\/workshop-zur-schokoladenherstellung-1-nov-1400-uhr-kopie-kopie-kopie-kopie-kopie-kopie\/","name":"Workshop zur Schokoladenherstellung 1. Nov. \/ 14:00 Uhr (kopie) (kopie) (kopie) (kopie) (kopie) (kopie) &#8226; Het Coffy-Huys","isPartOf":{"@id":"https:\/\/coffy-huys.nl\/de\/#website"},"primaryImageOfPage":{"@id":"https:\/\/coffy-huys.nl\/de\/onze-producten\/werkstatt\/workshop-zur-schokoladenherstellung-1-nov-1400-uhr-kopie-kopie-kopie-kopie-kopie-kopie\/#primaryimage"},"image":{"@id":"https:\/\/coffy-huys.nl\/de\/onze-producten\/werkstatt\/workshop-zur-schokoladenherstellung-1-nov-1400-uhr-kopie-kopie-kopie-kopie-kopie-kopie\/#primaryimage"},"thumbnailUrl":"https:\/\/coffy-huys.nl\/wp-content\/uploads\/2025\/05\/bonbons-gemengd-huis-gemaakt-enkhuizen-1.png","datePublished":"2026-01-31T11:45:11+00:00","dateModified":"2026-01-31T11:46:00+00:00","breadcrumb":{"@id":"https:\/\/coffy-huys.nl\/de\/onze-producten\/werkstatt\/workshop-zur-schokoladenherstellung-1-nov-1400-uhr-kopie-kopie-kopie-kopie-kopie-kopie\/#breadcrumb"},"inLanguage":"de","potentialAction":[{"@type":"ReadAction","target":["https:\/\/coffy-huys.nl\/de\/onze-producten\/werkstatt\/workshop-zur-schokoladenherstellung-1-nov-1400-uhr-kopie-kopie-kopie-kopie-kopie-kopie\/"]}]},{"@type":"ImageObject","inLanguage":"de","@id":"https:\/\/coffy-huys.nl\/de\/onze-producten\/werkstatt\/workshop-zur-schokoladenherstellung-1-nov-1400-uhr-kopie-kopie-kopie-kopie-kopie-kopie\/#primaryimage","url":"https:\/\/coffy-huys.nl\/wp-content\/uploads\/2025\/05\/bonbons-gemengd-huis-gemaakt-enkhuizen-1.png","contentUrl":"https:\/\/coffy-huys.nl\/wp-content\/uploads\/2025\/05\/bonbons-gemengd-huis-gemaakt-enkhuizen-1.png","width":800,"height":800,"caption":"Hausgemachte Pralinenschachtel gemischt"},{"@type":"BreadcrumbList","@id":"https:\/\/coffy-huys.nl\/de\/onze-producten\/werkstatt\/workshop-zur-schokoladenherstellung-1-nov-1400-uhr-kopie-kopie-kopie-kopie-kopie-kopie\/#breadcrumb","itemListElement":[{"@type":"ListItem","position":1,"name":"Home","item":"https:\/\/coffy-huys.nl\/de\/"},{"@type":"ListItem","position":2,"name":"Shop","item":"https:\/\/coffy-huys.nl\/de\/shop\/"},{"@type":"ListItem","position":3,"name":"Workshop zur Schokoladenherstellung 1. Nov. \/ 14:00 Uhr (kopie) (kopie) (kopie) (kopie) (kopie) (kopie)"}]},{"@type":"WebSite","@id":"https:\/\/coffy-huys.nl\/de\/#website","url":"https:\/\/coffy-huys.nl\/de\/","name":"Het Coffy-Huys","description":"De winkel met de lekkerste versgebrande koffie en ambachtelijke chocolade.","publisher":{"@id":"https:\/\/coffy-huys.nl\/de\/#organization"},"potentialAction":[{"@type":"SearchAction","target":{"@type":"EntryPoint","urlTemplate":"https:\/\/coffy-huys.nl\/de\/?s={search_term_string}"},"query-input":{"@type":"PropertyValueSpecification","valueRequired":true,"valueName":"search_term_string"}}],"inLanguage":"de"},{"@type":"Organization","@id":"https:\/\/coffy-huys.nl\/de\/#organization","name":"Het Coffy-Huys","url":"https:\/\/coffy-huys.nl\/de\/","logo":{"@type":"ImageObject","inLanguage":"de","@id":"https:\/\/coffy-huys.nl\/de\/#\/schema\/logo\/image\/","url":"https:\/\/coffy-huys.nl\/wp-content\/uploads\/2025\/02\/het_coffy_huys_logo.svg","contentUrl":"https:\/\/coffy-huys.nl\/wp-content\/uploads\/2025\/02\/het_coffy_huys_logo.svg","width":1000,"height":719,"caption":"Het Coffy-Huys"},"image":{"@id":"https:\/\/coffy-huys.nl\/de\/#\/schema\/logo\/image\/"},"sameAs":["https:\/\/www.facebook.com\/Hetcoffyhuys","https:\/\/www.instagram.com\/coffyhuys\/"]}]}},"_links":{"self":[{"href":"https:\/\/coffy-huys.nl\/de\/wp-json\/wp\/v2\/product\/22978","targetHints":{"allow":["GET"]}}],"collection":[{"href":"https:\/\/coffy-huys.nl\/de\/wp-json\/wp\/v2\/product"}],"about":[{"href":"https:\/\/coffy-huys.nl\/de\/wp-json\/wp\/v2\/types\/product"}],"replies":[{"embeddable":true,"href":"https:\/\/coffy-huys.nl\/de\/wp-json\/wp\/v2\/comments?post=22978"}],"wp:featuredmedia":[{"embeddable":true,"href":"https:\/\/coffy-huys.nl\/de\/wp-json\/wp\/v2\/media\/20414"}],"wp:attachment":[{"href":"https:\/\/coffy-huys.nl\/de\/wp-json\/wp\/v2\/media?parent=22978"}],"wp:term":[{"taxonomy":"product_brand","embeddable":true,"href":"https:\/\/coffy-huys.nl\/de\/wp-json\/wp\/v2\/product_brand?post=22978"},{"taxonomy":"product_cat","embeddable":true,"href":"https:\/\/coffy-huys.nl\/de\/wp-json\/wp\/v2\/product_cat?post=22978"},{"taxonomy":"product_tag","embeddable":true,"href":"https:\/\/coffy-huys.nl\/de\/wp-json\/wp\/v2\/product_tag?post=22978"}],"curies":[{"name":"wp","href":"https:\/\/api.w.org\/{rel}","templated":true}]}}