{"id":21126,"date":"2025-03-06T12:58:20","date_gmt":"2025-03-06T11:58:20","guid":{"rendered":"https:\/\/coffy-huys.nl\/?post_type=product&#038;p=21126"},"modified":"2026-02-05T12:32:52","modified_gmt":"2026-02-05T11:32:52","slug":"eid-mubarak-pralinen-gemischt","status":"publish","type":"product","link":"https:\/\/coffy-huys.nl\/de\/onze-producten\/aus-meinem-eigenen-studio\/eid-mubarak-pralinen-gemischt\/","title":{"rendered":"Eid Mubarak Pralinen gemischt"},"content":{"rendered":"","protected":false},"excerpt":{"rendered":"<p>K\u00f6stliche Pralinen aus unserem eigenen Studio! Speziell f\u00fcr einen wundervollen Ramadan hergestellt. <\/p>\n<p>Wir verpacken die Pralinen gemischt in einer Geschenkbox.<\/p>\n<p>Gef\u00fcllt mit Haselnusspraline, Pistazien-Crunch, Dubai, Karamell-Meersalz oder Vollmilch-Wei\u00df- oder Zartbitterschokolade.<\/p>\n<p>Ramadan Kareem<\/p>\n<p>Nat\u00fcrlich frei von <em>Alkohol und Gelatine<\/em><\/p>\n<p>Kann Spuren von Gluten und Milch enthalten<\/p>\n","protected":false},"featured_media":23526,"comment_status":"open","ping_status":"closed","template":"","meta":{"_acf_changed":false},"product_brand":[],"product_cat":[2517,2518,2546,2522],"product_tag":[],"class_list":{"0":"post-21126","1":"product","2":"type-product","3":"status-publish","4":"has-post-thumbnail","6":"product_cat-aus-meinem-eigenen-studio","7":"product_cat-besonderheiten","8":"product_cat-pralinen-aus-unserem-eigenen-atelier","9":"product_cat-thema","11":"first","12":"instock","13":"taxable","14":"shipping-taxable","15":"purchasable","16":"product-type-variable"},"acf":[],"yoast_head":"<!-- This site is optimized with the Yoast SEO plugin v27.1.1 - https:\/\/yoast.com\/product\/yoast-seo-wordpress\/ -->\n<title>Eid Mubarak Pralinen gemischt &#8226; Het Coffy-Huys<\/title>\n<meta name=\"robots\" content=\"index, follow, max-snippet:-1, max-image-preview:large, max-video-preview:-1\" \/>\n<link rel=\"canonical\" href=\"https:\/\/coffy-huys.nl\/de\/onze-producten\/aus-meinem-eigenen-studio\/eid-mubarak-pralinen-gemischt\/\" \/>\n<meta property=\"og:locale\" content=\"de_DE\" \/>\n<meta property=\"og:type\" content=\"article\" \/>\n<meta property=\"og:title\" content=\"Eid Mubarak Pralinen gemischt &#8226; Het Coffy-Huys\" \/>\n<meta property=\"og:description\" content=\"K\u00f6stliche Pralinen aus unserem eigenen Studio! Speziell f\u00fcr einen wundervollen Ramadan hergestellt.  Wir verpacken die Pralinen gemischt in einer Geschenkbox. Gef\u00fcllt mit Haselnusspraline, Pistazien-Crunch, Dubai, Karamell-Meersalz oder Vollmilch-Wei\u00df- oder Zartbitterschokolade. Ramadan Kareem Nat\u00fcrlich frei von Alkohol und Gelatine Kann Spuren von Gluten und Milch enthalten\" \/>\n<meta property=\"og:url\" content=\"https:\/\/coffy-huys.nl\/de\/onze-producten\/aus-meinem-eigenen-studio\/eid-mubarak-pralinen-gemischt\/\" \/>\n<meta property=\"og:site_name\" content=\"Het Coffy-Huys\" \/>\n<meta property=\"article:publisher\" content=\"https:\/\/www.facebook.com\/Hetcoffyhuys\" \/>\n<meta property=\"article:modified_time\" content=\"2026-02-05T11:32:52+00:00\" \/>\n<meta property=\"og:image\" content=\"https:\/\/coffy-huys.nl\/wp-content\/uploads\/2026\/03\/eid-mubarak-bonbons-4-stuks.jpg\" \/>\n\t<meta property=\"og:image:width\" content=\"800\" \/>\n\t<meta property=\"og:image:height\" content=\"800\" \/>\n\t<meta property=\"og:image:type\" content=\"image\/jpeg\" \/>\n<meta name=\"twitter:card\" content=\"summary_large_image\" \/>\n<script type=\"application\/ld+json\" class=\"yoast-schema-graph\">{\"@context\":\"https:\/\/schema.org\",\"@graph\":[{\"@type\":\"WebPage\",\"@id\":\"https:\/\/coffy-huys.nl\/de\/onze-producten\/aus-meinem-eigenen-studio\/eid-mubarak-pralinen-gemischt\/\",\"url\":\"https:\/\/coffy-huys.nl\/de\/onze-producten\/aus-meinem-eigenen-studio\/eid-mubarak-pralinen-gemischt\/\",\"name\":\"Eid Mubarak Pralinen gemischt &#8226; Het Coffy-Huys\",\"isPartOf\":{\"@id\":\"https:\/\/coffy-huys.nl\/de\/#website\"},\"primaryImageOfPage\":{\"@id\":\"https:\/\/coffy-huys.nl\/de\/onze-producten\/aus-meinem-eigenen-studio\/eid-mubarak-pralinen-gemischt\/#primaryimage\"},\"image\":{\"@id\":\"https:\/\/coffy-huys.nl\/de\/onze-producten\/aus-meinem-eigenen-studio\/eid-mubarak-pralinen-gemischt\/#primaryimage\"},\"thumbnailUrl\":\"https:\/\/coffy-huys.nl\/wp-content\/uploads\/2026\/03\/eid-mubarak-bonbons-4-stuks.jpg\",\"datePublished\":\"2025-03-06T11:58:20+00:00\",\"dateModified\":\"2026-02-05T11:32:52+00:00\",\"breadcrumb\":{\"@id\":\"https:\/\/coffy-huys.nl\/de\/onze-producten\/aus-meinem-eigenen-studio\/eid-mubarak-pralinen-gemischt\/#breadcrumb\"},\"inLanguage\":\"de\",\"potentialAction\":[{\"@type\":\"ReadAction\",\"target\":[\"https:\/\/coffy-huys.nl\/de\/onze-producten\/aus-meinem-eigenen-studio\/eid-mubarak-pralinen-gemischt\/\"]}]},{\"@type\":\"ImageObject\",\"inLanguage\":\"de\",\"@id\":\"https:\/\/coffy-huys.nl\/de\/onze-producten\/aus-meinem-eigenen-studio\/eid-mubarak-pralinen-gemischt\/#primaryimage\",\"url\":\"https:\/\/coffy-huys.nl\/wp-content\/uploads\/2026\/03\/eid-mubarak-bonbons-4-stuks.jpg\",\"contentUrl\":\"https:\/\/coffy-huys.nl\/wp-content\/uploads\/2026\/03\/eid-mubarak-bonbons-4-stuks.jpg\",\"width\":800,\"height\":800,\"caption\":\"Eid Mubarak bonbons 4 stuks\"},{\"@type\":\"BreadcrumbList\",\"@id\":\"https:\/\/coffy-huys.nl\/de\/onze-producten\/aus-meinem-eigenen-studio\/eid-mubarak-pralinen-gemischt\/#breadcrumb\",\"itemListElement\":[{\"@type\":\"ListItem\",\"position\":1,\"name\":\"Home\",\"item\":\"https:\/\/coffy-huys.nl\/de\/\"},{\"@type\":\"ListItem\",\"position\":2,\"name\":\"Shop\",\"item\":\"https:\/\/coffy-huys.nl\/de\/shop\/\"},{\"@type\":\"ListItem\",\"position\":3,\"name\":\"Eid Mubarak Pralinen gemischt\"}]},{\"@type\":\"WebSite\",\"@id\":\"https:\/\/coffy-huys.nl\/de\/#website\",\"url\":\"https:\/\/coffy-huys.nl\/de\/\",\"name\":\"Het Coffy-Huys\",\"description\":\"De winkel met de lekkerste versgebrande koffie en ambachtelijke chocolade.\",\"publisher\":{\"@id\":\"https:\/\/coffy-huys.nl\/de\/#organization\"},\"potentialAction\":[{\"@type\":\"SearchAction\",\"target\":{\"@type\":\"EntryPoint\",\"urlTemplate\":\"https:\/\/coffy-huys.nl\/de\/?s={search_term_string}\"},\"query-input\":{\"@type\":\"PropertyValueSpecification\",\"valueRequired\":true,\"valueName\":\"search_term_string\"}}],\"inLanguage\":\"de\"},{\"@type\":\"Organization\",\"@id\":\"https:\/\/coffy-huys.nl\/de\/#organization\",\"name\":\"Het Coffy-Huys\",\"url\":\"https:\/\/coffy-huys.nl\/de\/\",\"logo\":{\"@type\":\"ImageObject\",\"inLanguage\":\"de\",\"@id\":\"https:\/\/coffy-huys.nl\/de\/#\/schema\/logo\/image\/\",\"url\":\"https:\/\/coffy-huys.nl\/wp-content\/uploads\/2025\/02\/het_coffy_huys_logo.svg\",\"contentUrl\":\"https:\/\/coffy-huys.nl\/wp-content\/uploads\/2025\/02\/het_coffy_huys_logo.svg\",\"width\":1000,\"height\":719,\"caption\":\"Het Coffy-Huys\"},\"image\":{\"@id\":\"https:\/\/coffy-huys.nl\/de\/#\/schema\/logo\/image\/\"},\"sameAs\":[\"https:\/\/www.facebook.com\/Hetcoffyhuys\",\"https:\/\/www.instagram.com\/coffyhuys\/\"]}]}<\/script>\n<!-- \/ Yoast SEO plugin. -->","yoast_head_json":{"title":"Eid Mubarak Pralinen gemischt &#8226; Het Coffy-Huys","robots":{"index":"index","follow":"follow","max-snippet":"max-snippet:-1","max-image-preview":"max-image-preview:large","max-video-preview":"max-video-preview:-1"},"canonical":"https:\/\/coffy-huys.nl\/de\/onze-producten\/aus-meinem-eigenen-studio\/eid-mubarak-pralinen-gemischt\/","og_locale":"de_DE","og_type":"article","og_title":"Eid Mubarak Pralinen gemischt &#8226; Het Coffy-Huys","og_description":"K\u00f6stliche Pralinen aus unserem eigenen Studio! Speziell f\u00fcr einen wundervollen Ramadan hergestellt.  Wir verpacken die Pralinen gemischt in einer Geschenkbox. Gef\u00fcllt mit Haselnusspraline, Pistazien-Crunch, Dubai, Karamell-Meersalz oder Vollmilch-Wei\u00df- oder Zartbitterschokolade. Ramadan Kareem Nat\u00fcrlich frei von Alkohol und Gelatine Kann Spuren von Gluten und Milch enthalten","og_url":"https:\/\/coffy-huys.nl\/de\/onze-producten\/aus-meinem-eigenen-studio\/eid-mubarak-pralinen-gemischt\/","og_site_name":"Het Coffy-Huys","article_publisher":"https:\/\/www.facebook.com\/Hetcoffyhuys","article_modified_time":"2026-02-05T11:32:52+00:00","og_image":[{"width":800,"height":800,"url":"https:\/\/coffy-huys.nl\/wp-content\/uploads\/2026\/03\/eid-mubarak-bonbons-4-stuks.jpg","type":"image\/jpeg"}],"twitter_card":"summary_large_image","schema":{"@context":"https:\/\/schema.org","@graph":[{"@type":"WebPage","@id":"https:\/\/coffy-huys.nl\/de\/onze-producten\/aus-meinem-eigenen-studio\/eid-mubarak-pralinen-gemischt\/","url":"https:\/\/coffy-huys.nl\/de\/onze-producten\/aus-meinem-eigenen-studio\/eid-mubarak-pralinen-gemischt\/","name":"Eid Mubarak Pralinen gemischt &#8226; Het Coffy-Huys","isPartOf":{"@id":"https:\/\/coffy-huys.nl\/de\/#website"},"primaryImageOfPage":{"@id":"https:\/\/coffy-huys.nl\/de\/onze-producten\/aus-meinem-eigenen-studio\/eid-mubarak-pralinen-gemischt\/#primaryimage"},"image":{"@id":"https:\/\/coffy-huys.nl\/de\/onze-producten\/aus-meinem-eigenen-studio\/eid-mubarak-pralinen-gemischt\/#primaryimage"},"thumbnailUrl":"https:\/\/coffy-huys.nl\/wp-content\/uploads\/2026\/03\/eid-mubarak-bonbons-4-stuks.jpg","datePublished":"2025-03-06T11:58:20+00:00","dateModified":"2026-02-05T11:32:52+00:00","breadcrumb":{"@id":"https:\/\/coffy-huys.nl\/de\/onze-producten\/aus-meinem-eigenen-studio\/eid-mubarak-pralinen-gemischt\/#breadcrumb"},"inLanguage":"de","potentialAction":[{"@type":"ReadAction","target":["https:\/\/coffy-huys.nl\/de\/onze-producten\/aus-meinem-eigenen-studio\/eid-mubarak-pralinen-gemischt\/"]}]},{"@type":"ImageObject","inLanguage":"de","@id":"https:\/\/coffy-huys.nl\/de\/onze-producten\/aus-meinem-eigenen-studio\/eid-mubarak-pralinen-gemischt\/#primaryimage","url":"https:\/\/coffy-huys.nl\/wp-content\/uploads\/2026\/03\/eid-mubarak-bonbons-4-stuks.jpg","contentUrl":"https:\/\/coffy-huys.nl\/wp-content\/uploads\/2026\/03\/eid-mubarak-bonbons-4-stuks.jpg","width":800,"height":800,"caption":"Eid Mubarak bonbons 4 stuks"},{"@type":"BreadcrumbList","@id":"https:\/\/coffy-huys.nl\/de\/onze-producten\/aus-meinem-eigenen-studio\/eid-mubarak-pralinen-gemischt\/#breadcrumb","itemListElement":[{"@type":"ListItem","position":1,"name":"Home","item":"https:\/\/coffy-huys.nl\/de\/"},{"@type":"ListItem","position":2,"name":"Shop","item":"https:\/\/coffy-huys.nl\/de\/shop\/"},{"@type":"ListItem","position":3,"name":"Eid Mubarak Pralinen gemischt"}]},{"@type":"WebSite","@id":"https:\/\/coffy-huys.nl\/de\/#website","url":"https:\/\/coffy-huys.nl\/de\/","name":"Het Coffy-Huys","description":"De winkel met de lekkerste versgebrande koffie en ambachtelijke chocolade.","publisher":{"@id":"https:\/\/coffy-huys.nl\/de\/#organization"},"potentialAction":[{"@type":"SearchAction","target":{"@type":"EntryPoint","urlTemplate":"https:\/\/coffy-huys.nl\/de\/?s={search_term_string}"},"query-input":{"@type":"PropertyValueSpecification","valueRequired":true,"valueName":"search_term_string"}}],"inLanguage":"de"},{"@type":"Organization","@id":"https:\/\/coffy-huys.nl\/de\/#organization","name":"Het Coffy-Huys","url":"https:\/\/coffy-huys.nl\/de\/","logo":{"@type":"ImageObject","inLanguage":"de","@id":"https:\/\/coffy-huys.nl\/de\/#\/schema\/logo\/image\/","url":"https:\/\/coffy-huys.nl\/wp-content\/uploads\/2025\/02\/het_coffy_huys_logo.svg","contentUrl":"https:\/\/coffy-huys.nl\/wp-content\/uploads\/2025\/02\/het_coffy_huys_logo.svg","width":1000,"height":719,"caption":"Het Coffy-Huys"},"image":{"@id":"https:\/\/coffy-huys.nl\/de\/#\/schema\/logo\/image\/"},"sameAs":["https:\/\/www.facebook.com\/Hetcoffyhuys","https:\/\/www.instagram.com\/coffyhuys\/"]}]}},"_links":{"self":[{"href":"https:\/\/coffy-huys.nl\/de\/wp-json\/wp\/v2\/product\/21126","targetHints":{"allow":["GET"]}}],"collection":[{"href":"https:\/\/coffy-huys.nl\/de\/wp-json\/wp\/v2\/product"}],"about":[{"href":"https:\/\/coffy-huys.nl\/de\/wp-json\/wp\/v2\/types\/product"}],"replies":[{"embeddable":true,"href":"https:\/\/coffy-huys.nl\/de\/wp-json\/wp\/v2\/comments?post=21126"}],"wp:featuredmedia":[{"embeddable":true,"href":"https:\/\/coffy-huys.nl\/de\/wp-json\/wp\/v2\/media\/23526"}],"wp:attachment":[{"href":"https:\/\/coffy-huys.nl\/de\/wp-json\/wp\/v2\/media?parent=21126"}],"wp:term":[{"taxonomy":"product_brand","embeddable":true,"href":"https:\/\/coffy-huys.nl\/de\/wp-json\/wp\/v2\/product_brand?post=21126"},{"taxonomy":"product_cat","embeddable":true,"href":"https:\/\/coffy-huys.nl\/de\/wp-json\/wp\/v2\/product_cat?post=21126"},{"taxonomy":"product_tag","embeddable":true,"href":"https:\/\/coffy-huys.nl\/de\/wp-json\/wp\/v2\/product_tag?post=21126"}],"curies":[{"name":"wp","href":"https:\/\/api.w.org\/{rel}","templated":true}]}}